{"id":3112,"date":"2019-10-09T20:52:51","date_gmt":"2019-10-09T20:52:51","guid":{"rendered":"https:\/\/managerbusinesshub.pl\/mbh-council\/"},"modified":"2026-01-14T20:58:13","modified_gmt":"2026-01-14T20:58:13","slug":"mbh-council","status":"publish","type":"page","link":"https:\/\/managerbusinesshub.pl\/en\/mbh-council\/","title":{"rendered":"MBH Council"},"content":{"rendered":"<div class=\"wpb-content-wrapper\">[vc_row css=&#8221;.vc_custom_1570744045336{background-position: center !important;background-repeat: no-repeat !important;background-size: cover !important;}&#8221;][vc_column][wgl_double_headings align=&#8221;center&#8221; title_color=&#8221;#151515&#8243; subtitle_color=&#8221;#B0994C&#8221; title=&#8221;Manager Business Hub Council&#8221; subtitle=&#8221;Manager Business Hub&#8221;][wgl_spacing spacer_size=&#8221;24&#8243;][vc_column_text]\n<p style=\"text-align: center;\">As an expert organization in the field of business support, Manager Business Hub brings together distinguished individuals who form the Council of the organization. The Council consists of outstanding experts who enjoy widespread social recognition and an impeccable reputation. They are top-class specialists in their respective fields and make an invaluable contribution to the development of our organization.<br \/>\nThe Manager Business Hub Council is composed of:<\/p>\n[\/vc_column_text][wgl_spacing spacer_size=&#8221;60px&#8221;][\/vc_column][\/vc_row][vc_row content_placement=&#8221;top&#8221;][vc_column offset=&#8221;vc_col-md-6&#8243;][wgl_spacing spacer_size=&#8221;30px&#8221;][wgl_double_headings align=&#8221;center&#8221; title_color=&#8221;#151515&#8243; subtitle_color=&#8221;#b0994c&#8221; title=&#8221;Beata Drzazga&#8221; subtitle=&#8221;Manager Business Hub&#8221;][wgl_spacing spacer_size=&#8221;20px&#8221;][vc_column_text]An entrepreneur and business advisor. Founder and President of BetaMed S.A., the largest medical company in Poland in the field of long-term care, also providing services for patients requiring mechanical ventilation, as well as operating specialist outpatient clinics, primary healthcare (POZ), and more. Owner of the fashion brand Dono da Scheggia, Drzazga Clinic (laser therapy clinic), BetaMed International, and BetaInvest Miami LLC. Between 2010 and 2017, she was also the owner of BetaNest Electronics, a company operating two electronics stores in Miami.<\/p>\n<p>An expert in management and a speaker at numerous economic and medical conferences in Poland and abroad. She inspires and advises others in business development. Co-author of scientific publications in the field of healthcare. Dean for Development at the Medical Faculty of the Wojciech Korfanty Upper Silesian Academy in Katowice.<br \/>\nShe serves, among others, as the Plenipotentiary of the President of Employers of Poland, Vice President of the National Association of Mechanical Ventilation Service Providers, Director of the Polish\u2013American Chamber of Commerce in Poland, and previously served as Director of the American\u2013Polish Chamber of Commerce in the USA (five-year term). She is a co-organizer and participant in economic missions between Nevada and Poland and holds the title of the First Business Ambassador of Nevada. Vice Chairwoman of the Business Security Committee at the Regional Chamber of Commerce in Katowice.<\/p>\n<p>Executive MBA (BCC). Graduate of, among others, the Upper Silesian School of Commerce in Katowice, the University of Gda\u0144sk, and the Silesian Medical University in Katowice.[\/vc_column_text][wgl_spacing spacer_size=&#8221;25px&#8221;][\/vc_column][vc_column offset=&#8221;vc_col-md-6&#8243;][wgl_spacing spacer_size=&#8221;30px&#8221;][wgl_image_layers values=&#8221;%5B%7B%22thumbnail%22%3A%222460%22%2C%22image_animation%22%3A%22slide_right%22%2C%22image_order%22%3A%221%22%7D%5D&#8221;][\/vc_column][\/vc_row][vc_row full_width=&#8221;stretch_row&#8221; css=&#8221;.vc_custom_1570657997881{background-image: url(https:\/\/managerbusinesshub.pl\/wp-content\/uploads\/2018\/11\/section_bg-1.jpg?id=562) !important;}&#8221;][vc_column width=&#8221;1\/2&#8243;][wgl_spacing spacer_size=&#8221;30px&#8221;][wgl_image_layers values=&#8221;%5B%7B%22thumbnail%22%3A%222434%22%2C%22image_animation%22%3A%22slide_right%22%2C%22image_order%22%3A%221%22%7D%5D&#8221;][\/vc_column][vc_column width=&#8221;1\/2&#8243;][wgl_spacing spacer_size=&#8221;30px&#8221;][wgl_double_headings align=&#8221;center&#8221; title_color=&#8221;#151515&#8243; subtitle_color=&#8221;#b0994c&#8221; title=&#8221;Andrzej Sadowski&#8221; subtitle=&#8221;Manager Business Hub&#8221;][wgl_spacing spacer_size=&#8221;20px&#8221;][vc_column_text]Founder and President of the <strong>Adam Smith Center<\/strong> \u2013 the first independent think tank in Poland (est. 1989). Co-founder of the Research Team on Conservative and Liberal Thought at the University of Warsaw (1984\u20131989) and the Adam Smith Economic Studies Team (1986\u20131989). Co-founder and board member of the Warsaw Economic Society (1986\u20131989). Co-founder (with Miros\u0142aw Dzielski and Aleksander Paszy\u0144ski) and board member of <strong>Akcja Gospodarcza<\/strong> (1988\u20131989). One of the founders (1996) and a board member of <strong>Transparency International Poland<\/strong> (until 2003).<\/p>\n<p>Member of the National Development Council to the President of the Republic of Poland during two terms (2009\u20132010 and 2015\u20132020).<br \/>\nMember of the Scientific Council of the Entrepreneurship Research Center of the Polish Agency for Enterprise Development (since 2009).<br \/>\nChairman of the Board of the <strong>Together in Illness Foundation<\/strong> (since 2014).<\/p>\n<p>In 2014, he was awarded the Knight\u2019s Cross of the Order of Polonia Restituta by the President of Poland for promoting entrepreneurship.[\/vc_column_text][\/vc_column][\/vc_row][vc_row content_placement=&#8221;top&#8221;][vc_column offset=&#8221;vc_col-md-6&#8243;][wgl_spacing spacer_size=&#8221;30px&#8221;][wgl_double_headings align=&#8221;center&#8221; title_color=&#8221;#151515&#8243; subtitle_color=&#8221;#b0994c&#8221; title=&#8221;Stanis\u0142aw Kluza&#8221; subtitle=&#8221;Manager Business Hub&#8221;][wgl_spacing spacer_size=&#8221;20px&#8221;][vc_column_text]Economist, PhD in economics. In 2006, he served as Undersecretary of State at the Ministry of Finance in the government of Kazimierz Marcinkiewicz, and later as Minister of Finance in the government of Jaros\u0142aw Kaczy\u0144ski. The first Chairman of the Polish Financial Supervision Authority (2006\u20132011).[\/vc_column_text][wgl_spacing spacer_size=&#8221;25px&#8221;][\/vc_column][vc_column offset=&#8221;vc_col-md-6&#8243;][wgl_spacing spacer_size=&#8221;30px&#8221;][wgl_image_layers values=&#8221;%5B%7B%22thumbnail%22%3A%221992%22%2C%22image_animation%22%3A%22slide_right%22%2C%22image_order%22%3A%221%22%7D%5D&#8221;][\/vc_column][\/vc_row][vc_row content_placement=&#8221;top&#8221;][vc_column offset=&#8221;vc_col-md-6&#8243; sticky_col=&#8221;true&#8221;][wgl_spacing spacer_size=&#8221;30px&#8221;][wgl_image_layers values=&#8221;%5B%7B%22thumbnail%22%3A%222330%22%2C%22image_animation%22%3A%22slide_right%22%2C%22image_order%22%3A%221%22%7D%5D&#8221;][\/vc_column][vc_column offset=&#8221;vc_col-md-6&#8243;][wgl_spacing spacer_size=&#8221;30px&#8221;][wgl_double_headings align=&#8221;center&#8221; title_color=&#8221;#151515&#8243; subtitle_color=&#8221;#b0994c&#8221; title=&#8221;Waldemar Tevnell&#8221; subtitle=&#8221;Manager Business Hub&#8221;][wgl_spacing spacer_size=&#8221;20px&#8221;][vc_column_text]Graduate of the University of Gda\u0144sk and IESE Business School \u2013 University of Navarra. Main initiator and co-founder of the daily newspaper <strong>Puls Biznesu<\/strong> and the biweekly <strong>Puls Medycyny<\/strong>. Co-creator of conferences organized by Bonnier Business Publishing, featuring global figures such as Bill Clinton, Steve Forbes, Cherie Blair, Madeleine Albright, and Robert F. Kennedy Jr.<\/p>\n<p>In 2003, he was awarded the title of <strong>Manager of the Year<\/strong> by Bonnier Business. Since 2007, he has been actively leading <strong>WTC Strategy Consulting<\/strong>, a consulting firm specializing in management, strategy, mergers and acquisitions, public and media relations, business development, and crisis management. His clients include companies such as Ringier Axel Springer Polska and EY. He has also served on supervisory boards of publicly listed companies, including ABG Ster-Projekt S.A. and BIOTON S.A.[\/vc_column_text][wgl_spacing spacer_size=&#8221;25px&#8221;][\/vc_column][\/vc_row][vc_row full_width=&#8221;stretch_row&#8221; content_placement=&#8221;middle&#8221; css=&#8221;.vc_custom_1583174770377{background-image: url(https:\/\/managerbusinesshub.pl\/wp-content\/uploads\/2018\/11\/section_bg-1.jpg?id=562) !important;}&#8221;][vc_column width=&#8221;1\/2&#8243;][wgl_spacing spacer_size=&#8221;30px&#8221;][wgl_double_headings align=&#8221;center&#8221; title_color=&#8221;#151515&#8243; subtitle_color=&#8221;#b0994c&#8221; title=&#8221;Pawe\u0142 Komar&#8221; subtitle=&#8221;Manager Business Hub&#8221;][wgl_spacing spacer_size=&#8221;20px&#8221;][vc_column_text]One of the most recognizable representatives of the younger generation of managers in the financial sector. The second youngest board member of companies listed on the Warsaw Stock Exchange. Awarded the <strong>TOP MANAGER<\/strong> title in the Polish financial industry in 2016.<\/p>\n<p>Associated with publicly listed financial companies since 2006, he has been responsible for various management and project areas, while also building several organizations from the ground up. His main responsibilities include strategy, development, scaling of enterprises, and sales. He has served on supervisory boards of companies in the banking and insurance sectors, investment fund companies, and private equity funds.<\/p>\n<p>A graduate of the University of Wroc\u0142aw and the Warsaw School of Economics (Management and Finance), as well as an MBA (Executive Studies) from Kozminski University in Warsaw. Chairman of the Supervisory Board of the Association of Financial Intermediary Companies. Professionally passionate about new technologies and start-ups, he is also an entrepreneur and investor.[\/vc_column_text][wgl_spacing spacer_size=&#8221;20px&#8221;][\/vc_column][vc_column width=&#8221;1\/2&#8243;][wgl_spacing spacer_size=&#8221;30px&#8221;][wgl_image_layers values=&#8221;%5B%7B%22thumbnail%22%3A%222023%22%2C%22image_animation%22%3A%22slide_right%22%2C%22image_order%22%3A%221%22%7D%5D&#8221;][\/vc_column][\/vc_row][vc_row][vc_column][vc_empty_space height=&#8221;20px&#8221;][\/vc_column][\/vc_row]\n<\/div>","protected":false},"excerpt":{"rendered":"<p>[vc_row css=&#8221;.vc_custom_1570744045336{background-position: center !important;background-repeat: no-repeat !important;background-size: cover !important;}&#8221;][vc_column][wgl_double_headings align=&#8221;center&#8221; title_color=&#8221;#151515&#8243; subtitle_color=&#8221;#B0994C&#8221; title=&#8221;Manager Business Hub Council&#8221; subtitle=&#8221;Manager Business Hub&#8221;][wgl_spacing spacer_size=&#8221;24&#8243;][vc_column_text] As an expert organization in the field of business support, Manager Business Hub brings together distinguished individuals who form the Council of the organization. The Council consists of outstanding experts who enjoy widespread social recognition and [&hellip;]<\/p>\n","protected":false},"author":3,"featured_media":0,"parent":0,"menu_order":0,"comment_status":"closed","ping_status":"closed","template":"","meta":{"footnotes":""},"class_list":["post-3112","page","type-page","status-publish","hentry"],"yoast_head":"<!-- This site is optimized with the Yoast SEO plugin v27.5 - https:\/\/yoast.com\/product\/yoast-seo-wordpress\/ -->\n<title>Rada Organizacji - Manager Business Hub<\/title>\n<meta name=\"description\" content=\"Manager Business Hub \u2013 jako ekspert w zakresie wsparcia biznesu \u2013 posiada w swoich strukturach cenne osobisto\u015bci, kt\u00f3re tworz\u0105 Rad\u0119 organizacji.\" \/>\n<meta name=\"robots\" content=\"index, follow, max-snippet:-1, max-image-preview:large, max-video-preview:-1\" \/>\n<link rel=\"canonical\" href=\"https:\/\/managerbusinesshub.pl\/en\/mbh-council\/\" \/>\n<meta property=\"og:locale\" content=\"en_US\" \/>\n<meta property=\"og:type\" content=\"article\" \/>\n<meta property=\"og:title\" content=\"Rada Organizacji - Manager Business Hub\" \/>\n<meta property=\"og:description\" content=\"Manager Business Hub \u2013 jako ekspert w zakresie wsparcia biznesu \u2013 posiada w swoich strukturach cenne osobisto\u015bci, kt\u00f3re tworz\u0105 Rad\u0119 organizacji.\" \/>\n<meta property=\"og:url\" content=\"https:\/\/managerbusinesshub.pl\/en\/mbh-council\/\" \/>\n<meta property=\"og:site_name\" content=\"Manager Business Hub\" \/>\n<meta property=\"article:modified_time\" content=\"2026-01-14T20:58:13+00:00\" \/>\n<meta property=\"og:image\" content=\"https:\/\/managerbusinesshub.pl\/wp-content\/uploads\/2018\/11\/page-title_3.jpg\" \/>\n<meta name=\"twitter:card\" content=\"summary_large_image\" \/>\n<meta name=\"twitter:label1\" content=\"Est. reading time\" \/>\n\t<meta name=\"twitter:data1\" content=\"6 minutes\" \/>\n<script type=\"application\/ld+json\" class=\"yoast-schema-graph\">{\"@context\":\"https:\\\/\\\/schema.org\",\"@graph\":[{\"@type\":\"WebPage\",\"@id\":\"https:\\\/\\\/managerbusinesshub.pl\\\/en\\\/mbh-council\\\/\",\"url\":\"https:\\\/\\\/managerbusinesshub.pl\\\/en\\\/mbh-council\\\/\",\"name\":\"Rada Organizacji - Manager Business Hub\",\"isPartOf\":{\"@id\":\"https:\\\/\\\/managerbusinesshub.pl\\\/#website\"},\"datePublished\":\"2019-10-09T20:52:51+00:00\",\"dateModified\":\"2026-01-14T20:58:13+00:00\",\"description\":\"Manager Business Hub \u2013 jako ekspert w zakresie wsparcia biznesu \u2013 posiada w swoich strukturach cenne osobisto\u015bci, kt\u00f3re tworz\u0105 Rad\u0119 organizacji.\",\"breadcrumb\":{\"@id\":\"https:\\\/\\\/managerbusinesshub.pl\\\/en\\\/mbh-council\\\/#breadcrumb\"},\"inLanguage\":\"en-US\",\"potentialAction\":[{\"@type\":\"ReadAction\",\"target\":[\"https:\\\/\\\/managerbusinesshub.pl\\\/en\\\/mbh-council\\\/\"]}]},{\"@type\":\"BreadcrumbList\",\"@id\":\"https:\\\/\\\/managerbusinesshub.pl\\\/en\\\/mbh-council\\\/#breadcrumb\",\"itemListElement\":[{\"@type\":\"ListItem\",\"position\":1,\"name\":\"Strona g\u0142\u00f3wna\",\"item\":\"https:\\\/\\\/managerbusinesshub.pl\\\/\"},{\"@type\":\"ListItem\",\"position\":2,\"name\":\"MBH Council\"}]},{\"@type\":\"WebSite\",\"@id\":\"https:\\\/\\\/managerbusinesshub.pl\\\/#website\",\"url\":\"https:\\\/\\\/managerbusinesshub.pl\\\/\",\"name\":\"Manager Business Hub\",\"description\":\"Manager Business Hub\",\"potentialAction\":[{\"@type\":\"SearchAction\",\"target\":{\"@type\":\"EntryPoint\",\"urlTemplate\":\"https:\\\/\\\/managerbusinesshub.pl\\\/?s={search_term_string}\"},\"query-input\":{\"@type\":\"PropertyValueSpecification\",\"valueRequired\":true,\"valueName\":\"search_term_string\"}}],\"inLanguage\":\"en-US\"}]}<\/script>\n<!-- \/ Yoast SEO plugin. -->","yoast_head_json":{"title":"Rada Organizacji - Manager Business Hub","description":"Manager Business Hub \u2013 jako ekspert w zakresie wsparcia biznesu \u2013 posiada w swoich strukturach cenne osobisto\u015bci, kt\u00f3re tworz\u0105 Rad\u0119 organizacji.","robots":{"index":"index","follow":"follow","max-snippet":"max-snippet:-1","max-image-preview":"max-image-preview:large","max-video-preview":"max-video-preview:-1"},"canonical":"https:\/\/managerbusinesshub.pl\/en\/mbh-council\/","og_locale":"en_US","og_type":"article","og_title":"Rada Organizacji - Manager Business Hub","og_description":"Manager Business Hub \u2013 jako ekspert w zakresie wsparcia biznesu \u2013 posiada w swoich strukturach cenne osobisto\u015bci, kt\u00f3re tworz\u0105 Rad\u0119 organizacji.","og_url":"https:\/\/managerbusinesshub.pl\/en\/mbh-council\/","og_site_name":"Manager Business Hub","article_modified_time":"2026-01-14T20:58:13+00:00","og_image":[{"url":"https:\/\/managerbusinesshub.pl\/wp-content\/uploads\/2018\/11\/page-title_3.jpg","type":"","width":"","height":""}],"twitter_card":"summary_large_image","twitter_misc":{"Est. reading time":"6 minutes"},"schema":{"@context":"https:\/\/schema.org","@graph":[{"@type":"WebPage","@id":"https:\/\/managerbusinesshub.pl\/en\/mbh-council\/","url":"https:\/\/managerbusinesshub.pl\/en\/mbh-council\/","name":"Rada Organizacji - Manager Business Hub","isPartOf":{"@id":"https:\/\/managerbusinesshub.pl\/#website"},"datePublished":"2019-10-09T20:52:51+00:00","dateModified":"2026-01-14T20:58:13+00:00","description":"Manager Business Hub \u2013 jako ekspert w zakresie wsparcia biznesu \u2013 posiada w swoich strukturach cenne osobisto\u015bci, kt\u00f3re tworz\u0105 Rad\u0119 organizacji.","breadcrumb":{"@id":"https:\/\/managerbusinesshub.pl\/en\/mbh-council\/#breadcrumb"},"inLanguage":"en-US","potentialAction":[{"@type":"ReadAction","target":["https:\/\/managerbusinesshub.pl\/en\/mbh-council\/"]}]},{"@type":"BreadcrumbList","@id":"https:\/\/managerbusinesshub.pl\/en\/mbh-council\/#breadcrumb","itemListElement":[{"@type":"ListItem","position":1,"name":"Strona g\u0142\u00f3wna","item":"https:\/\/managerbusinesshub.pl\/"},{"@type":"ListItem","position":2,"name":"MBH Council"}]},{"@type":"WebSite","@id":"https:\/\/managerbusinesshub.pl\/#website","url":"https:\/\/managerbusinesshub.pl\/","name":"Manager Business Hub","description":"Manager Business Hub","potentialAction":[{"@type":"SearchAction","target":{"@type":"EntryPoint","urlTemplate":"https:\/\/managerbusinesshub.pl\/?s={search_term_string}"},"query-input":{"@type":"PropertyValueSpecification","valueRequired":true,"valueName":"search_term_string"}}],"inLanguage":"en-US"}]}},"_links":{"self":[{"href":"https:\/\/managerbusinesshub.pl\/en\/wp-json\/wp\/v2\/pages\/3112","targetHints":{"allow":["GET"]}}],"collection":[{"href":"https:\/\/managerbusinesshub.pl\/en\/wp-json\/wp\/v2\/pages"}],"about":[{"href":"https:\/\/managerbusinesshub.pl\/en\/wp-json\/wp\/v2\/types\/page"}],"author":[{"embeddable":true,"href":"https:\/\/managerbusinesshub.pl\/en\/wp-json\/wp\/v2\/users\/3"}],"replies":[{"embeddable":true,"href":"https:\/\/managerbusinesshub.pl\/en\/wp-json\/wp\/v2\/comments?post=3112"}],"version-history":[{"count":4,"href":"https:\/\/managerbusinesshub.pl\/en\/wp-json\/wp\/v2\/pages\/3112\/revisions"}],"predecessor-version":[{"id":3271,"href":"https:\/\/managerbusinesshub.pl\/en\/wp-json\/wp\/v2\/pages\/3112\/revisions\/3271"}],"wp:attachment":[{"href":"https:\/\/managerbusinesshub.pl\/en\/wp-json\/wp\/v2\/media?parent=3112"}],"curies":[{"name":"wp","href":"https:\/\/api.w.org\/{rel}","templated":true}]}}